{"id":51,"date":"2022-08-22T13:14:32","date_gmt":"2022-08-22T13:14:32","guid":{"rendered":"https:\/\/www.hotelprahaslany.cz\/?page_id=51"},"modified":"2022-08-22T13:17:07","modified_gmt":"2022-08-22T13:17:07","slug":"uvodni-strana","status":"publish","type":"page","link":"https:\/\/www.hotelprahaslany.cz\/","title":{"rendered":"Hlavn\u00ed informace"},"content":{"rendered":"\n<p>Na\u0161e za\u0159\u00edzen\u00ed poskytuje pouze dlouhodob\u00e9 ubytov\u00e1n\u00ed pro d\u011bln\u00edky firem, ale i jednotlivce ve t\u0159\u00ed a\u017e \u0161estil\u016f\u017ekov\u00fdch pokoj\u00edch.&nbsp; Pokoje maj\u00ed spole\u010dn\u00e9 soci\u00e1ln\u00ed za\u0159\u00edzen\u00ed, vybavenou kuchy\u0148ku a spole\u010denskou m\u00edstnost. Na ka\u017ed\u00e9m pokoji jsou postele s \u00falo\u017en\u00fdm prostorem, no\u010dn\u00ed stolky, \u0161atn\u00ed sk\u0159\u00ed\u0148, st\u016fl se \u017eidlemi a lednice.<\/p>\n\n\n\n<p>Ubytovna se nach\u00e1z\u00ed na okraji pr\u016fmyslov\u00e9 z\u00f3ny, v bl\u00edzkosti je autobusov\u00e9 n\u00e1dra\u017e\u00ed, vlakov\u00e1 stanice (Pra\u017esk\u00e9 p\u0159edm\u011bst\u00ed) a n\u011bkolik obchod\u016f.<\/p>\n\n\n<div class=\"wp-block-image\">\n<figure class=\"alignleft size-full\"><img loading=\"lazy\" decoding=\"async\" width=\"538\" height=\"356\" src=\"https:\/\/www.hotelprahaslany.cz\/wp-content\/uploads\/2022\/08\/mapa-1.jpg\" alt=\"\" class=\"wp-image-55\" srcset=\"https:\/\/www.hotelprahaslany.cz\/wp-content\/uploads\/2022\/08\/mapa-1.jpg 538w, https:\/\/www.hotelprahaslany.cz\/wp-content\/uploads\/2022\/08\/mapa-1-300x199.jpg 300w\" sizes=\"auto, (max-width: 538px) 100vw, 538px\" \/><figcaption><strong>Pra\u017esk\u00e1 754, 274 01\u00a0Slan\u00fd<\/strong><\/figcaption><\/figure>\n<\/div>","protected":false},"excerpt":{"rendered":"<p>Na\u0161e za\u0159\u00edzen\u00ed poskytuje pouze dlouhodob\u00e9 ubytov\u00e1n\u00ed pro d\u011bln\u00edky firem, ale i jednotlivce ve t\u0159\u00ed a\u017e \u0161estil\u016f\u017ekov\u00fdch pokoj\u00edch.&nbsp; Pokoje maj\u00ed spole\u010dn\u00e9 soci\u00e1ln\u00ed za\u0159\u00edzen\u00ed, vybavenou kuchy\u0148ku a spole\u010denskou m\u00edstnost. Na ka\u017ed\u00e9m pokoji jsou postele s \u00falo\u017en\u00fdm prostorem, no\u010dn\u00ed stolky, \u0161atn\u00ed sk\u0159\u00ed\u0148, st\u016fl se \u017eidlemi a lednice. Ubytovna se nach\u00e1z\u00ed na okraji pr\u016fmyslov\u00e9 z\u00f3ny, v bl\u00edzkosti je autobusov\u00e9 [&hellip;]<\/p>\n","protected":false},"author":1,"featured_media":0,"parent":0,"menu_order":0,"comment_status":"closed","ping_status":"closed","template":"","meta":{"footnotes":""},"class_list":["post-51","page","type-page","status-publish","hentry"],"_links":{"self":[{"href":"https:\/\/www.hotelprahaslany.cz\/index.php?rest_route=\/wp\/v2\/pages\/51","targetHints":{"allow":["GET"]}}],"collection":[{"href":"https:\/\/www.hotelprahaslany.cz\/index.php?rest_route=\/wp\/v2\/pages"}],"about":[{"href":"https:\/\/www.hotelprahaslany.cz\/index.php?rest_route=\/wp\/v2\/types\/page"}],"author":[{"embeddable":true,"href":"https:\/\/www.hotelprahaslany.cz\/index.php?rest_route=\/wp\/v2\/users\/1"}],"replies":[{"embeddable":true,"href":"https:\/\/www.hotelprahaslany.cz\/index.php?rest_route=%2Fwp%2Fv2%2Fcomments&post=51"}],"version-history":[{"count":3,"href":"https:\/\/www.hotelprahaslany.cz\/index.php?rest_route=\/wp\/v2\/pages\/51\/revisions"}],"predecessor-version":[{"id":56,"href":"https:\/\/www.hotelprahaslany.cz\/index.php?rest_route=\/wp\/v2\/pages\/51\/revisions\/56"}],"wp:attachment":[{"href":"https:\/\/www.hotelprahaslany.cz\/index.php?rest_route=%2Fwp%2Fv2%2Fmedia&parent=51"}],"curies":[{"name":"wp","href":"https:\/\/api.w.org\/{rel}","templated":true}]}}