{"id":9,"date":"2022-08-22T12:38:15","date_gmt":"2022-08-22T12:38:15","guid":{"rendered":"https:\/\/www.hotelprahaslany.cz\/?page_id=9"},"modified":"2022-08-22T12:56:17","modified_gmt":"2022-08-22T12:56:17","slug":"kontakt","status":"publish","type":"page","link":"https:\/\/www.hotelprahaslany.cz\/?page_id=9","title":{"rendered":"Kontakt"},"content":{"rendered":"\n<figure class=\"wp-block-image size-full is-resized\"><img loading=\"lazy\" decoding=\"async\" src=\"https:\/\/www.hotelprahaslany.cz\/wp-content\/uploads\/2022\/08\/hotel-1.png\" alt=\"\" class=\"wp-image-30\" width=\"169\" height=\"133\"\/><\/figure>\n\n\n\n<p><em>Hotel Praha Slan\u00fd<\/em><\/p>\n\n\n\n<p><strong>Adresa ubytovny:<br>\u00a0<br>HOTEL PRAHA SLAN\u00dd<br>Pra\u017esk\u00e1 754,<br>274 01\u00a0SLAN\u00dd<\/strong><\/p>\n\n\n\n<p><strong>Kontakt:<\/strong><br><strong>Mobil: +420\u00a0606 580 067<br><br>E-mail:\u00a0<\/strong><a href=\"mailto:info@hotel\"><br><\/a><a href=\"mailto:info@hotelprahaslany.cz\">info@hotelprahaslany.cz<\/a><\/p>\n\n\n\n<figure class=\"wp-block-image size-full\"><img loading=\"lazy\" decoding=\"async\" width=\"538\" height=\"356\" src=\"http:\/\/www.hotelprahaslany.cz\/wp-content\/uploads\/2022\/08\/mapa.jpg\" alt=\"\" class=\"wp-image-23\" srcset=\"https:\/\/www.hotelprahaslany.cz\/wp-content\/uploads\/2022\/08\/mapa.jpg 538w, https:\/\/www.hotelprahaslany.cz\/wp-content\/uploads\/2022\/08\/mapa-300x199.jpg 300w\" sizes=\"auto, (max-width: 538px) 100vw, 538px\" \/><\/figure>\n","protected":false},"excerpt":{"rendered":"<p>Hotel Praha Slan\u00fd Adresa ubytovny:\u00a0HOTEL PRAHA SLAN\u00ddPra\u017esk\u00e1 754,274 01\u00a0SLAN\u00dd Kontakt:Mobil: +420\u00a0606 580 067 E-mail:\u00a0info@hotelprahaslany.cz<\/p>\n","protected":false},"author":1,"featured_media":0,"parent":0,"menu_order":0,"comment_status":"closed","ping_status":"closed","template":"","meta":{"footnotes":""},"class_list":["post-9","page","type-page","status-publish","hentry"],"_links":{"self":[{"href":"https:\/\/www.hotelprahaslany.cz\/index.php?rest_route=\/wp\/v2\/pages\/9","targetHints":{"allow":["GET"]}}],"collection":[{"href":"https:\/\/www.hotelprahaslany.cz\/index.php?rest_route=\/wp\/v2\/pages"}],"about":[{"href":"https:\/\/www.hotelprahaslany.cz\/index.php?rest_route=\/wp\/v2\/types\/page"}],"author":[{"embeddable":true,"href":"https:\/\/www.hotelprahaslany.cz\/index.php?rest_route=\/wp\/v2\/users\/1"}],"replies":[{"embeddable":true,"href":"https:\/\/www.hotelprahaslany.cz\/index.php?rest_route=%2Fwp%2Fv2%2Fcomments&post=9"}],"version-history":[{"count":4,"href":"https:\/\/www.hotelprahaslany.cz\/index.php?rest_route=\/wp\/v2\/pages\/9\/revisions"}],"predecessor-version":[{"id":33,"href":"https:\/\/www.hotelprahaslany.cz\/index.php?rest_route=\/wp\/v2\/pages\/9\/revisions\/33"}],"wp:attachment":[{"href":"https:\/\/www.hotelprahaslany.cz\/index.php?rest_route=%2Fwp%2Fv2%2Fmedia&parent=9"}],"curies":[{"name":"wp","href":"https:\/\/api.w.org\/{rel}","templated":true}]}}